
{"id":77,"date":"2024-10-25T12:00:37","date_gmt":"2024-10-25T12:00:37","guid":{"rendered":"http:\/\/sdsoft.cz\/services\/"},"modified":"2025-12-06T16:16:25","modified_gmt":"2025-12-06T16:16:25","slug":"spectr","status":"publish","type":"page","link":"https:\/\/sdsoft.cz\/en\/spectr\/","title":{"rendered":"SpectR"},"content":{"rendered":"<div class=\"wp-block-uagb-container uagb-block-8de9c239 alignfull uagb-is-root-container\"><div class=\"uagb-container__shape uagb-container__shape-bottom uagb-container__invert\" data-negative=\"false\"><svg xmlns=\"https:\/\/www.w3.org\/2000\/svg\" viewbox=\"0 0 2600 131.1\" preserveaspectratio=\"none\"><path class=\"uagb-container__shape-fill\" d=\"M0 0L2600 0 2600 69.1 0 0z\"><\/path><path class=\"uagb-container__shape-fill\" opacity=\"0.5\" d=\"M0 0L2600 0 2600 69.1 0 69.1z\"><\/path><path class=\"uagb-container__shape-fill\" opacity=\"0.25\" d=\"M2600 0L0 0 0 130.1 2600 69.1z\"><\/path><\/svg><\/div><div class=\"uagb-container-inner-blocks-wrap\">\n<div class=\"wp-block-uagb-advanced-heading uagb-block-99148d6e\"><h1 class=\"uagb-heading-text\">SpectR<\/h1><\/div>\n<\/div><\/div>\n\n\n\n<div class=\"wp-block-uagb-advanced-heading uagb-block-c4c7e2c2\" id=\"start\"><h2 class=\"uagb-heading-text\">Po\u010d\u00edta\u010dov\u00e9 vid\u011bn\u00ed na dosah ruky<\/h2><\/div>\n\n\n\n<div data-aos= \"fade-up\" data-aos-duration=\"400\" data-aos-delay=\"0\" data-aos-easing=\"ease\" data-aos-once=\"true\" class=\"wp-block-uagb-image uagb-block-fb68e7cc wp-block-uagb-image--layout-default wp-block-uagb-image--effect-static wp-block-uagb-image--align-none\"><figure class=\"wp-block-uagb-image__figure\"><img loading=\"lazy\" decoding=\"async\" srcset=\"https:\/\/sdsoft.cz\/wp-content\/uploads\/2025\/03\/demo_spectr_client-28.03.2025-8_38_02-1024x604.png ,https:\/\/sdsoft.cz\/wp-content\/uploads\/2025\/03\/demo_spectr_client-28.03.2025-8_38_02.png 780w, https:\/\/sdsoft.cz\/wp-content\/uploads\/2025\/03\/demo_spectr_client-28.03.2025-8_38_02.png 360w\" sizes=\"auto, (max-width: 480px) 150px\" src=\"https:\/\/sdsoft.cz\/wp-content\/uploads\/2025\/03\/demo_spectr_client-28.03.2025-8_38_02-1024x604.png\" alt=\"\" class=\"uag-image-2722\" width=\"873\" height=\"177\" title=\"demo_spectr_client 28.03.2025 8_38_02\" role=\"img\"\/><\/figure><\/div>\n\n\n\n<div class=\"wp-block-uagb-separator uagb-block-9c6d4a7b\"><div class=\"uagb-separator-spacing-wrapper\"><div class=\"wp-block-uagb-separator__inner\" style=\"--my-background-image:\"><\/div><\/div><\/div>\n\n\n\n<header class=\"wp-block-uagb-advanced-heading uagb-block-00a485e8\"><h2 class=\"uagb-heading-text\">P\u00e1r p\u0159\u00edklad\u016f, co v\u0161e SpectR dok\u00e1\u017ee<\/h2><\/header>\n\n\n\n<div data-aos= \"fade-up\" data-aos-duration=\"400\" data-aos-delay=\"0\" data-aos-easing=\"ease\" data-aos-once=\"true\" class=\"wp-block-uagb-container uagb-block-4643390f alignfull uagb-is-root-container\"><div class=\"uagb-container-inner-blocks-wrap\">\n<div class=\"wp-block-uagb-info-box uagb-block-618fe07e uagb-infobox__content-wrap  uagb-infobox-icon-above-title uagb-infobox-image-valign-top\"><div class=\"uagb-ifb-content\"><div class=\"uagb-ifb-title-wrap\"><h3 class=\"uagb-ifb-title\">Detekce pomoc\u00ed <strong>textu<\/strong><\/h3><\/div><p class=\"uagb-ifb-desc\">SpectR umo\u017e\u0148uje detektovat objekty na z\u00e1klad\u011b kr\u00e1tk\u00e9ho textu. Jedn\u00e1 se o obecn\u00fd detektor, kter\u00fd je ide\u00e1ln\u00ed pro rychl\u00e9 prototypov\u00e1n\u00ed, co\u017e umo\u017e\u0148uje flexibiln\u00ed a efektivn\u00ed testov\u00e1n\u00ed r\u016fzn\u00fdch sc\u00e9n\u00e1\u0159\u016f bez nutnosti slo\u017eit\u00e9ho nastavov\u00e1n\u00ed.<\/p><\/div><\/div>\n\n\n\n<figure class=\"wp-block-video\"><video height=\"720\" style=\"aspect-ratio: 1280 \/ 720;\" width=\"1280\" autoplay loop muted preload=\"auto\" src=\"https:\/\/sdsoft.cz\/wp-content\/uploads\/2025\/03\/cars_v2-1.mp4\" playsinline><\/video><\/figure>\n<\/div><\/div>\n\n\n\n<div data-aos= \"fade-up\" data-aos-duration=\"400\" data-aos-delay=\"0\" data-aos-easing=\"ease\" data-aos-once=\"true\" class=\"wp-block-uagb-container uagb-block-c4c57e58 alignfull uagb-is-root-container\"><div class=\"uagb-container-inner-blocks-wrap\">\n<div class=\"wp-block-uagb-info-box uagb-block-b76e4e8d uagb-infobox__content-wrap  uagb-infobox-icon-above-title uagb-infobox-image-valign-top\"><div class=\"uagb-ifb-content\"><div class=\"uagb-ifb-title-wrap\"><h3 class=\"uagb-ifb-title\">Detekce pomoc\u00ed <strong>p\u0159\u00edkladu<\/strong><\/h3><\/div><p class=\"uagb-ifb-desc\">U\u017eivatel jednodu\u0161e nahraje obr\u00e1zek s uk\u00e1zkov\u00fdm objektem, a detektor automaticky vyhled\u00e1 vizu\u00e1ln\u011b podobn\u00e9 objekty v jin\u00fdch sn\u00edmc\u00edch.<\/p><\/div><\/div>\n\n\n\n<figure class=\"wp-block-video\"><video height=\"720\" style=\"aspect-ratio: 1280 \/ 720;\" width=\"1280\" autoplay loop muted preload=\"auto\" src=\"https:\/\/sdsoft.cz\/wp-content\/uploads\/2025\/03\/detectByExample.mp4\"><\/video><\/figure>\n<\/div><\/div>\n\n\n\n<div data-aos= \"fade-up\" data-aos-duration=\"400\" data-aos-delay=\"0\" data-aos-easing=\"ease\" data-aos-once=\"true\" class=\"wp-block-uagb-container uagb-block-ba229c41 alignfull uagb-is-root-container\"><div class=\"uagb-container-inner-blocks-wrap\">\n<div class=\"wp-block-uagb-info-box uagb-block-d99c4fc3 uagb-infobox__content-wrap  uagb-infobox-icon-above-title uagb-infobox-image-valign-top\"><div class=\"uagb-ifb-content\"><div class=\"uagb-ifb-title-wrap\"><h3 class=\"uagb-ifb-title\">Specializovan\u00e9 detekce<\/h3><\/div><p class=\"uagb-ifb-desc\">Na rozd\u00edl od obecn\u00fdch detektor\u016f jsou specializovan\u00e9 detekce navr\u017eeny pro konkr\u00e9tn\u00ed \u00falohy nebo specifick\u00e9 typy sn\u00edmk\u016f, jako jsou mikroskopov\u00e9 obr\u00e1zky, l\u00e9ka\u0159sk\u00e1 data nebo pr\u016fmyslov\u00e9 inspekce. Tyto modely jsou optimalizov\u00e1ny pro vy\u0161\u0161\u00ed p\u0159esnost a spolehlivost v dan\u00e9 oblasti, \u010d\u00edm\u017e umo\u017e\u0148uj\u00ed efektivn\u011bj\u0161\u00ed anal\u00fdzu a automatizaci slo\u017eit\u011bj\u0161\u00edch vizu\u00e1ln\u00edch \u00faloh.<\/p><\/div><\/div>\n\n\n\n<figure class=\"wp-block-video\"><video height=\"720\" style=\"aspect-ratio: 1280 \/ 720;\" width=\"1280\" autoplay loop muted preload=\"auto\" src=\"https:\/\/sdsoft.cz\/wp-content\/uploads\/2025\/03\/specialized.mp4\"><\/video><\/figure>\n<\/div><\/div>\n\n\n\n<div class=\"wp-block-uagb-separator uagb-block-77bb9670\"><div class=\"uagb-separator-spacing-wrapper\"><div class=\"wp-block-uagb-separator__inner\" style=\"--my-background-image:\"><\/div><\/div><\/div>\n\n\n\n<div data-aos= \"fade-up\" data-aos-duration=\"400\" data-aos-delay=\"0\" data-aos-easing=\"ease\" data-aos-once=\"true\" class=\"wp-block-uagb-container uagb-block-a4a25152 alignfull uagb-is-root-container\"><div class=\"uagb-container-inner-blocks-wrap\">\n<div class=\"wp-block-uagb-container uagb-block-9540d560\">\n<div class=\"wp-block-uagb-info-box uagb-block-3533b003 uagb-infobox__content-wrap  uagb-infobox-icon-above-title uagb-infobox-image-valign-top wp-block-uagb-info-box--has-margin\"><div class=\"uagb-infobox-margin-wrapper\"><div class=\"uagb-ifb-content\"><div class=\"uagb-ifb-title-wrap\"><h3 class=\"uagb-ifb-title\">Ud\u011bl\u00e1me V\u00e1m vlastn\u00ed detekc\u00ed na m\u00edru<\/h3><\/div><p class=\"uagb-ifb-desc\">Pokud va\u0161e pot\u0159eby p\u0159esahuj\u00ed mo\u017enosti obecn\u00fdch nebo specializovan\u00fdch detektor\u016f, vytvo\u0159\u00edme pro v\u00e1s detek\u010dn\u00ed model <strong>p\u0159esn\u011b podle va\u0161ich po\u017eadavk\u016f<\/strong>. P\u0159izp\u016fsob\u00edme jej va\u0161im dat\u016fm, optimalizujeme pro konkr\u00e9tn\u00ed prost\u0159ed\u00ed a zajist\u00edme co nejvy\u0161\u0161\u00ed p\u0159esnost. <br>A\u0165 u\u017e pot\u0159ebujete detekci objekt\u016f ve specifick\u00fdch podm\u00ednk\u00e1ch nebo integraci do va\u0161eho syst\u00e9mu, postar\u00e1me se o \u0159e\u0161en\u00ed na m\u00edru.<\/p><div class=\"uagb-ifb-button-wrapper wp-block-button\"><a href=\"\/en\/#contact\" class=\"uagb-infobox-cta-link wp-block-button__link\" target=\"_self\" rel=\"noopener noreferrer\" onclick=\"return true;\"><span class=\"uagb-inline-editing\">Contact<\/span><svg xmlns=\"https:\/\/www.w3.org\/2000\/svg\" viewbox=\"0 0 512 512\"><path d=\"M504.3 273.6l-112.1 104c-6.992 6.484-17.18 8.218-25.94 4.406c-8.758-3.812-14.42-12.45-14.42-21.1L351.9 288H32C14.33 288 .0002 273.7 .0002 255.1S14.33 224 32 224h319.9l0-72c0-9.547 5.66-18.19 14.42-22c8.754-3.809 18.95-2.075 25.94 4.41l112.1 104C514.6 247.9 514.6 264.1 504.3 273.6z\"><\/path><\/svg><\/a><\/div><\/div><\/div><\/div>\n<\/div>\n\n\n\n<div data-aos= \"fade-up\" data-aos-duration=\"400\" data-aos-delay=\"0\" data-aos-easing=\"ease\" data-aos-once=\"true\" class=\"wp-block-uagb-container uagb-block-6716051f\">\n<div class=\"wp-block-uagb-info-box uagb-block-afc62ddd uagb-infobox__content-wrap  uagb-infobox-icon-above-title uagb-infobox-image-valign-top\"><div class=\"uagb-ifb-content\"><div class=\"uagb-ifb-icon-wrap\"><svg xmlns=\"https:\/\/www.w3.org\/2000\/svg\" viewbox=\"0 0 640 512\"><path d=\"M9.375 233.4C3.375 239.4 0 247.5 0 256v128c0 8.5 3.375 16.62 9.375 22.62S23.5 416 32 416h32V224H32C23.5 224 15.38 227.4 9.375 233.4zM464 96H352V32c0-17.62-14.38-32-32-32S288 14.38 288 32v64H176C131.8 96 96 131.8 96 176V448c0 35.38 28.62 64 64 64h320c35.38 0 64-28.62 64-64V176C544 131.8 508.3 96 464 96zM256 416H192v-32h64V416zM224 296C201.9 296 184 278.1 184 256S201.9 216 224 216S264 233.9 264 256S246.1 296 224 296zM352 416H288v-32h64V416zM448 416h-64v-32h64V416zM416 296c-22.12 0-40-17.88-40-40S393.9 216 416 216S456 233.9 456 256S438.1 296 416 296zM630.6 233.4C624.6 227.4 616.5 224 608 224h-32v192h32c8.5 0 16.62-3.375 22.62-9.375S640 392.5 640 384V256C640 247.5 636.6 239.4 630.6 233.4z\"><\/path><\/svg><\/div><div class=\"uagb-ifb-title-wrap\"><h4 class=\"uagb-ifb-title\">V\u00fdvoj AI model\u016f<\/h4><\/div><p class=\"uagb-ifb-desc\">Vyv\u00edj\u00edme AI modely na m\u00edru pro strojov\u00e9 u\u010den\u00ed, po\u010d\u00edta\u010dov\u00e9 vid\u011bn\u00ed a zpracov\u00e1n\u00ed dat. Postar\u00e1me se o cel\u00fd proces od n\u00e1vrhu po nasazen\u00ed, aby model p\u0159esn\u011b odpov\u00eddal va\u0161im pot\u0159eb\u00e1m.<\/p><\/div><\/div>\n\n\n\n<div class=\"wp-block-uagb-info-box uagb-block-081fff65 uagb-infobox__content-wrap  uagb-infobox-icon-above-title uagb-infobox-image-valign-top\"><div class=\"uagb-ifb-content\"><div class=\"uagb-ifb-icon-wrap\"><svg xmlns=\"https:\/\/www.w3.org\/2000\/svg\" viewbox=\"0 0 512 512\"><path d=\"M464 288h-416C21.5 288 0 309.5 0 336v96C0 458.5 21.5 480 48 480h416c26.5 0 48-21.5 48-48v-96C512 309.5 490.5 288 464 288zM320 416c-17.62 0-32-14.38-32-32s14.38-32 32-32s32 14.38 32 32S337.6 416 320 416zM416 416c-17.62 0-32-14.38-32-32s14.38-32 32-32s32 14.38 32 32S433.6 416 416 416zM464 32h-416C21.5 32 0 53.5 0 80v192.4C13.41 262.3 29.92 256 48 256h416c18.08 0 34.59 6.254 48 16.41V80C512 53.5 490.5 32 464 32z\"><\/path><\/svg><\/div><div class=\"uagb-ifb-title-wrap\"><h4 class=\"uagb-ifb-title\">Integrace do Va\u0161eho prost\u0159ed\u00ed<\/h4><\/div><p class=\"uagb-ifb-desc\">Na\u0161e detek\u010dn\u00ed modely a AI \u0159e\u0161en\u00ed bez probl\u00e9m\u016f za\u010dlen\u00edme do va\u0161eho syst\u00e9mu. Zajist\u00edme kompatibilitu s va\u0161\u00edm softwarem, hardwarem i pracovn\u00edmi postupy pro snadn\u00e9 a efektivn\u00ed nasazen\u00ed.<\/p><\/div><\/div>\n\n\n\n<div class=\"wp-block-uagb-info-box uagb-block-020eb0a0 uagb-infobox__content-wrap  uagb-infobox-icon-above-title uagb-infobox-image-valign-top\"><div class=\"uagb-ifb-content\"><div class=\"uagb-ifb-icon-wrap\"><svg xmlns=\"https:\/\/www.w3.org\/2000\/svg\" viewbox=\"0 0 640 512\"><path d=\"M414.8 40.79L286.8 488.8C281.9 505.8 264.2 515.6 247.2 510.8C230.2 505.9 220.4 488.2 225.2 471.2L353.2 23.21C358.1 6.216 375.8-3.624 392.8 1.232C409.8 6.087 419.6 23.8 414.8 40.79H414.8zM518.6 121.4L630.6 233.4C643.1 245.9 643.1 266.1 630.6 278.6L518.6 390.6C506.1 403.1 485.9 403.1 473.4 390.6C460.9 378.1 460.9 357.9 473.4 345.4L562.7 256L473.4 166.6C460.9 154.1 460.9 133.9 473.4 121.4C485.9 108.9 506.1 108.9 518.6 121.4V121.4zM166.6 166.6L77.25 256L166.6 345.4C179.1 357.9 179.1 378.1 166.6 390.6C154.1 403.1 133.9 403.1 121.4 390.6L9.372 278.6C-3.124 266.1-3.124 245.9 9.372 233.4L121.4 121.4C133.9 108.9 154.1 108.9 166.6 121.4C179.1 133.9 179.1 154.1 166.6 166.6V166.6z\"><\/path><\/svg><\/div><div class=\"uagb-ifb-title-wrap\"><h4 class=\"uagb-ifb-title\">Roz\u0161\u00ed\u0159en\u00ed SpectRu<\/h4><\/div><p class=\"uagb-ifb-desc\">Pot\u0159ebujete dal\u0161\u00ed funkcionalitu? R\u00e1di p\u0159izp\u016fsob\u00edme na\u0161e \u0159e\u0161en\u00ed va\u0161im specifick\u00fdm po\u017eadavk\u016fm a roz\u0161\u00ed\u0159\u00edme je o nov\u00e9 mo\u017enosti, kter\u00e9 v\u00e1m usnadn\u00ed pr\u00e1ci.<\/p><\/div><\/div>\n<\/div>\n<\/div><\/div>\n\n\n\n<div class=\"wp-block-uagb-separator uagb-block-1b03a2c1\"><div class=\"uagb-separator-spacing-wrapper\"><div class=\"wp-block-uagb-separator__inner\" style=\"--my-background-image:\"><\/div><\/div><\/div>\n\n\n\n<div class=\"wp-block-uagb-container uagb-block-c6306452 alignfull uagb-is-root-container\"><div class=\"uagb-container__shape uagb-container__shape-top\"><svg xmlns=\"https:\/\/www.w3.org\/2000\/svg\" viewbox=\"0 0 2600 131.1\" preserveaspectratio=\"none\"><path class=\"uagb-container__shape-fill\" d=\"M0 0L2600 0 2600 69.1 0 0z\"><\/path><path class=\"uagb-container__shape-fill\" opacity=\"0.5\" d=\"M0 0L2600 0 2600 69.1 0 69.1z\"><\/path><path class=\"uagb-container__shape-fill\" opacity=\"0.25\" d=\"M2600 0L0 0 0 130.1 2600 69.1z\"><\/path><\/svg><\/div><div class=\"uagb-container-inner-blocks-wrap\">\n<div class=\"wp-block-uagb-call-to-action uagb-block-f5c2c5f3 wp-block-button\"><div class=\"uagb-cta__wrap\"><h2 class=\"uagb-cta__title\">Kontaktujte n\u00e1s!<\/h2><\/div><div class=\"uagb-cta__buttons\"><a href=\"\/en\/#contact\" class=\"uagb-cta__button-link-wrapper wp-block-button__link\" target=\"_self\" rel=\"noopener noreferrer\">Contact<\/a><\/div><\/div>\n<\/div><\/div>","protected":false},"excerpt":{"rendered":"<p>SpectR Po\u010d\u00edta\u010dov\u00e9 vid\u011bn\u00ed na dosah ruky P\u00e1r p\u0159\u00edklad\u016f, co v\u0161e SpectR dok\u00e1\u017ee<\/p>","protected":false},"author":1,"featured_media":0,"parent":0,"menu_order":0,"comment_status":"closed","ping_status":"closed","template":"","meta":{"_uag_custom_page_level_css":"","site-sidebar-layout":"default","site-content-layout":"","ast-site-content-layout":"default","site-content-style":"default","site-sidebar-style":"default","ast-global-header-display":"","ast-banner-title-visibility":"","ast-main-header-display":"","ast-hfb-above-header-display":"","ast-hfb-below-header-display":"","ast-hfb-mobile-header-display":"","site-post-title":"disabled","ast-breadcrumbs-content":"","ast-featured-img":"","footer-sml-layout":"","theme-transparent-header-meta":"enabled","adv-header-id-meta":"","stick-header-meta":"","header-above-stick-meta":"","header-main-stick-meta":"","header-below-stick-meta":"","astra-migrate-meta-layouts":"set","ast-page-background-enabled":"default","ast-page-background-meta":{"desktop":{"background-color":"var(--ast-global-color-4)","background-image":"","background-repeat":"repeat","background-position":"center center","background-size":"auto","background-attachment":"scroll","background-type":"","background-media":"","overlay-type":"","overlay-color":"","overlay-opacity":"","overlay-gradient":""},"tablet":{"background-color":"","background-image":"","background-repeat":"repeat","background-position":"center center","background-size":"auto","background-attachment":"scroll","background-type":"","background-media":"","overlay-type":"","overlay-color":"","overlay-opacity":"","overlay-gradient":""},"mobile":{"background-color":"","background-image":"","background-repeat":"repeat","background-position":"center center","background-size":"auto","background-attachment":"scroll","background-type":"","background-media":"","overlay-type":"","overlay-color":"","overlay-opacity":"","overlay-gradient":""}},"ast-content-background-meta":{"desktop":{"background-color":"var(--ast-global-color-5)","background-image":"","background-repeat":"repeat","background-position":"center center","background-size":"auto","background-attachment":"scroll","background-type":"","background-media":"","overlay-type":"","overlay-color":"","overlay-opacity":"","overlay-gradient":""},"tablet":{"background-color":"var(--ast-global-color-5)","background-image":"","background-repeat":"repeat","background-position":"center center","background-size":"auto","background-attachment":"scroll","background-type":"","background-media":"","overlay-type":"","overlay-color":"","overlay-opacity":"","overlay-gradient":""},"mobile":{"background-color":"var(--ast-global-color-5)","background-image":"","background-repeat":"repeat","background-position":"center center","background-size":"auto","background-attachment":"scroll","background-type":"","background-media":"","overlay-type":"","overlay-color":"","overlay-opacity":"","overlay-gradient":""}},"footnotes":""},"class_list":["post-77","page","type-page","status-publish","hentry"],"uagb_featured_image_src":{"full":false,"thumbnail":false,"medium":false,"medium_large":false,"large":false,"1536x1536":false,"2048x2048":false,"trp-custom-language-flag":false},"uagb_author_info":{"display_name":"dewid","author_link":"https:\/\/sdsoft.cz\/en\/author\/dewid\/"},"uagb_comment_info":0,"uagb_excerpt":"SpectR Po\u010d\u00edta\u010dov\u00e9 vid\u011bn\u00ed na dosah ruky P\u00e1r p\u0159\u00edklad\u016f, co v\u0161e SpectR dok\u00e1\u017ee","_links":{"self":[{"href":"https:\/\/sdsoft.cz\/en\/wp-json\/wp\/v2\/pages\/77","targetHints":{"allow":["GET"]}}],"collection":[{"href":"https:\/\/sdsoft.cz\/en\/wp-json\/wp\/v2\/pages"}],"about":[{"href":"https:\/\/sdsoft.cz\/en\/wp-json\/wp\/v2\/types\/page"}],"author":[{"embeddable":true,"href":"https:\/\/sdsoft.cz\/en\/wp-json\/wp\/v2\/users\/1"}],"replies":[{"embeddable":true,"href":"https:\/\/sdsoft.cz\/en\/wp-json\/wp\/v2\/comments?post=77"}],"version-history":[{"count":94,"href":"https:\/\/sdsoft.cz\/en\/wp-json\/wp\/v2\/pages\/77\/revisions"}],"predecessor-version":[{"id":3064,"href":"https:\/\/sdsoft.cz\/en\/wp-json\/wp\/v2\/pages\/77\/revisions\/3064"}],"wp:attachment":[{"href":"https:\/\/sdsoft.cz\/en\/wp-json\/wp\/v2\/media?parent=77"}],"curies":[{"name":"wp","href":"https:\/\/api.w.org\/{rel}","templated":true}]}}